{"id":23869,"date":"2024-06-11T13:13:34","date_gmt":"2024-06-11T11:13:34","guid":{"rendered":"https:\/\/allegal.eu\/?page_id=23869"},"modified":"2024-06-13T10:48:58","modified_gmt":"2024-06-13T08:48:58","slug":"prawo-nieruchomosci","status":"publish","type":"page","link":"https:\/\/allegal.eu\/pl\/prawo-nieruchomosci\/","title":{"rendered":"Prawo Nieruchomo\u015bci"},"content":{"rendered":"\t\t<div data-elementor-type=\"wp-page\" data-elementor-id=\"23869\" class=\"elementor elementor-23869\" data-elementor-post-type=\"page\">\n\t\t\t\t\t\t<section class=\"elementor-section elementor-top-section elementor-element elementor-element-2920d2dd elementor-section-boxed elementor-section-height-default elementor-section-height-default\" data-id=\"2920d2dd\" data-element_type=\"section\" data-e-type=\"section\">\n\t\t\t\t\t\t<div class=\"elementor-container elementor-column-gap-default\">\n\t\t\t\t\t<div class=\"elementor-column elementor-col-100 elementor-top-column elementor-element elementor-element-17e9b746\" data-id=\"17e9b746\" data-element_type=\"column\" data-e-type=\"column\">\n\t\t\t<div class=\"elementor-widget-wrap elementor-element-populated\">\n\t\t\t\t\t\t<section class=\"elementor-section elementor-inner-section elementor-element elementor-element-6da742ba elementor-section-boxed elementor-section-height-default elementor-section-height-default\" data-id=\"6da742ba\" data-element_type=\"section\" data-e-type=\"section\">\n\t\t\t\t\t\t<div class=\"elementor-container elementor-column-gap-default\">\n\t\t\t\t\t<div class=\"elementor-column elementor-col-50 elementor-inner-column elementor-element elementor-element-47cce280\" data-id=\"47cce280\" data-element_type=\"column\" data-e-type=\"column\">\n\t\t\t<div class=\"elementor-widget-wrap elementor-element-populated\">\n\t\t\t\t\t\t<div class=\"elementor-element elementor-element-55f69a11 elementor-widget elementor-widget-image\" data-id=\"55f69a11\" data-element_type=\"widget\" data-e-type=\"widget\" data-widget_type=\"image.default\">\n\t\t\t\t<div class=\"elementor-widget-container\">\n\t\t\t\t\t\t\t\t\t\t\t\t\t\t\t<img fetchpriority=\"high\" decoding=\"async\" width=\"684\" height=\"1024\" src=\"https:\/\/allegal.eu\/wp-content\/uploads\/2023\/06\/aleksandra-allegal-684x1024.jpg\" class=\"attachment-large size-large wp-image-23358\" alt=\"\" srcset=\"https:\/\/allegal.eu\/wp-content\/uploads\/2023\/06\/aleksandra-allegal-684x1024.jpg 684w, https:\/\/allegal.eu\/wp-content\/uploads\/2023\/06\/aleksandra-allegal-200x300.jpg 200w, https:\/\/allegal.eu\/wp-content\/uploads\/2023\/06\/aleksandra-allegal-768x1151.jpg 768w, https:\/\/allegal.eu\/wp-content\/uploads\/2023\/06\/aleksandra-allegal.jpg 801w\" sizes=\"(max-width: 684px) 100vw, 684px\" \/>\t\t\t\t\t\t\t\t\t\t\t\t\t\t\t<\/div>\n\t\t\t\t<\/div>\n\t\t\t\t\t<\/div>\n\t\t<\/div>\n\t\t\t\t<div class=\"elementor-column elementor-col-50 elementor-inner-column elementor-element elementor-element-5858ac7b\" data-id=\"5858ac7b\" data-element_type=\"column\" data-e-type=\"column\">\n\t\t\t<div class=\"elementor-widget-wrap elementor-element-populated\">\n\t\t\t\t\t\t<div class=\"elementor-element elementor-element-7b72cd9f elementor-widget elementor-widget-vc_custom_heading\" data-id=\"7b72cd9f\" data-element_type=\"widget\" data-e-type=\"widget\" data-widget_type=\"vc_custom_heading.default\">\n\t\t\t\t<div class=\"elementor-widget-container\">\n\t\t\t\t\t<div class=\" vc_custom_heading  consulting_heading_font  text_align_left\" ><h3 style=\"text-align: left\" class=\"consulting-custom-title\">Aleksandra Kubasiewicz, Ph.D.\n<\/h3><\/div>\t\t\t\t<\/div>\n\t\t\t\t<\/div>\n\t\t\t\t<div class=\"elementor-element elementor-element-3daa8fce elementor-widget elementor-widget-text-editor\" data-id=\"3daa8fce\" data-element_type=\"widget\" data-e-type=\"widget\" data-widget_type=\"text-editor.default\">\n\t\t\t\t<div class=\"elementor-widget-container\">\n\t\t\t\t\t\t\t\t\t<p>Od wielu lat oferuje wsparcie prawne przy zakupie nieruchomo\u015bci na terenie W\u0142och, zar\u00f3wno na wolnym rynku, jak i na aukcjach s\u0105dowych.<\/p>\n<p>W zale\u017cno\u015bci od indywidualnych potrzeb klienta oraz od konkretnej sytuacji, oferowane us\u0142ugi obejmuj\u0105 m.in.:<\/p>\n<ul>\n<li>wst\u0119pn\u0105 porad\u0119 prawna, konieczn\u0105 do w\u0142a\u015bciwej oceny sytuacji i zaproponowania najlepszego rozwi\u0105zania;<\/li>\n<li>doradztwo i wsparcie w dope\u0142nieniu wszelkich formalno\u015bci na ka\u017cdym etapie procesu zakupu nieruchomo\u015bci;<\/li>\n<li>kompleksow\u0105 analiz\u0119 ca\u0142ej dokumentacji pod k\u0105tem formalno-prawnym;<\/li>\n<li>reprezentowanie kupuj\u0105cego w kontaktach ze sprzedaj\u0105cym\/agencj\u0105 nieruchomo\u015bci oraz negocjacj\u0119 ceny;<\/li>\n<li>czynny udzia\u0142 w sporz\u0105dzeniu umowy przedwst\u0119pnej;<\/li>\n<li>pomoc w wyborze najlepszego notariusza, przed kt\u00f3rym zostanie podpisana umowa ko\u0144cowa kupna-sprzeda\u017cy;<\/li>\n<li>analiz\u0119 i ewentualne korekty umowy ko\u0144cowej;<\/li>\n<li>podpisanie umowy przedwst\u0119pnej oraz umowy kupna-sprzeda\u017cy w imieniu klienta;<\/li>\n<li>w przypadku zakupu na aukcji s\u0105dowej, analiz\u0119 dokumentacji, z\u0142o\u017cenie oferty, udzia\u0142 w aukcji oraz dokonanie wszelkich formalno\u015bci w przypadku przys\u0105dzenia w\u0142asno\u015bci nieruchomo\u015bci;<\/li>\n<li>wsparcie w zarz\u0105dzaniu nieruchomo\u015bci\u0105 po jej zakupie oraz pomoc w innych kwestiach w nast\u0119pstwie nabycia nieruchomo\u015bci.<\/li>\n<\/ul>\n\t\t\t\t\t\t\t\t<\/div>\n\t\t\t\t<\/div>\n\t\t\t\t\t<\/div>\n\t\t<\/div>\n\t\t\t\t\t<\/div>\n\t\t<\/section>\n\t\t\t\t\t<\/div>\n\t\t<\/div>\n\t\t\t\t\t<\/div>\n\t\t<\/section>\n\t\t\t\t<\/div>\n\t\t","protected":false},"excerpt":{"rendered":"<p>Aleksandra Kubasiewicz, Ph.D. Od wielu lat oferuje wsparcie prawne przy zakupie nieruchomo\u015bci na terenie W\u0142och, zar\u00f3wno na wolnym rynku, jak i na aukcjach s\u0105dowych. W zale\u017cno\u015bci od indywidualnych potrzeb klienta oraz od konkretnej sytuacji, oferowane us\u0142ugi obejmuj\u0105 m.in.: wst\u0119pn\u0105 porad\u0119 prawna, konieczn\u0105 do w\u0142a\u015bciwej oceny sytuacji i zaproponowania najlepszego rozwi\u0105zania; doradztwo i wsparcie w dope\u0142nieniu<\/p>\n","protected":false},"author":7,"featured_media":0,"parent":0,"menu_order":0,"comment_status":"closed","ping_status":"closed","template":"","meta":{"_seopress_robots_primary_cat":"","_seopress_titles_title":"","_seopress_titles_desc":"","_seopress_robots_index":"","footnotes":""},"class_list":["post-23869","page","type-page","status-publish","hentry"],"_links":{"self":[{"href":"https:\/\/allegal.eu\/pl\/wp-json\/wp\/v2\/pages\/23869","targetHints":{"allow":["GET"]}}],"collection":[{"href":"https:\/\/allegal.eu\/pl\/wp-json\/wp\/v2\/pages"}],"about":[{"href":"https:\/\/allegal.eu\/pl\/wp-json\/wp\/v2\/types\/page"}],"author":[{"embeddable":true,"href":"https:\/\/allegal.eu\/pl\/wp-json\/wp\/v2\/users\/7"}],"replies":[{"embeddable":true,"href":"https:\/\/allegal.eu\/pl\/wp-json\/wp\/v2\/comments?post=23869"}],"version-history":[{"count":8,"href":"https:\/\/allegal.eu\/pl\/wp-json\/wp\/v2\/pages\/23869\/revisions"}],"predecessor-version":[{"id":23900,"href":"https:\/\/allegal.eu\/pl\/wp-json\/wp\/v2\/pages\/23869\/revisions\/23900"}],"wp:attachment":[{"href":"https:\/\/allegal.eu\/pl\/wp-json\/wp\/v2\/media?parent=23869"}],"curies":[{"name":"wp","href":"https:\/\/api.w.org\/{rel}","templated":true}]}}